{"id":40,"date":"2020-06-04T15:23:23","date_gmt":"2020-06-04T15:23:23","guid":{"rendered":"http:\/\/www.ludwigwall.at\/Agentur\/?page_id=40"},"modified":"2026-04-15T23:32:39","modified_gmt":"2026-04-15T23:32:39","slug":"lanius","status":"publish","type":"page","link":"https:\/\/www.ludwigwall.at\/en\/kollektionen\/lanius\/","title":{"rendered":"Lanius"},"content":{"rendered":"<div data-elementor-type=\"wp-page\" data-elementor-id=\"40\" class=\"elementor elementor-40\">\n\t\t\t\t\t\t<section class=\"elementor-section elementor-top-section elementor-element elementor-element-188df5f6 elementor-section-content-middle elementor-section-boxed elementor-section-height-default elementor-section-height-default\" data-id=\"188df5f6\" data-element_type=\"section\">\n\t\t\t\t\t\t<div class=\"elementor-container elementor-column-gap-no\">\n\t\t\t\t\t<div class=\"elementor-column elementor-col-33 elementor-top-column elementor-element elementor-element-7526c872\" data-id=\"7526c872\" data-element_type=\"column\">\n\t\t\t<div class=\"elementor-widget-wrap elementor-element-populated\">\n\t\t\t\t\t\t<div class=\"elementor-element elementor-element-19605bf elementor-widget elementor-widget-image\" data-id=\"19605bf\" data-element_type=\"widget\" data-widget_type=\"image.default\">\n\t\t\t\t<div class=\"elementor-widget-container\">\n\t\t\t\t\t\t\t\t\t\t\t\t\t<img decoding=\"async\" width=\"300\" height=\"111\" src=\"https:\/\/www.ludwigwall.at\/wp-content\/uploads\/2020\/06\/Logo-anthra-300x111.jpg\" class=\"attachment-medium size-medium wp-image-194\" alt=\"\" srcset=\"https:\/\/www.ludwigwall.at\/wp-content\/uploads\/2020\/06\/Logo-anthra-300x111.jpg 300w, https:\/\/www.ludwigwall.at\/wp-content\/uploads\/2020\/06\/Logo-anthra.jpg 555w\" sizes=\"(max-width: 300px) 100vw, 300px\" \/>\t\t\t\t\t\t\t\t\t\t\t\t\t<\/div>\n\t\t\t\t<\/div>\n\t\t\t\t<div class=\"elementor-element elementor-element-4143e8cd elementor-widget-divider--view-line elementor-widget elementor-widget-divider\" data-id=\"4143e8cd\" data-element_type=\"widget\" data-widget_type=\"divider.default\">\n\t\t\t\t<div class=\"elementor-widget-container\">\n\t\t\t\t\t<div class=\"elementor-divider\">\n\t\t\t<span class=\"elementor-divider-separator\">\n\t\t\t\t\t\t<\/span>\n\t\t<\/div>\n\t\t\t\t<\/div>\n\t\t\t\t<\/div>\n\t\t\t\t<div class=\"elementor-element elementor-element-37a73ec elementor-widget elementor-widget-text-editor\" data-id=\"37a73ec\" data-element_type=\"widget\" data-widget_type=\"text-editor.default\">\n\t\t\t\t<div class=\"elementor-widget-container\">\n\t\t\t\t\t\t\t<blockquote>\n<h4><b>LOVE\nFASHION\n<\/b><b>THINK ORGANIC\n<\/b><b>BE RESPONSIBLE<\/b><\/h5>\n<\/blockquote>\nThese are the maxims of LANIUS. These are the pillars brand founder Claudia Lanius\u2019 vision rests on: to bring together ecological materials with fair working conditions, feminine silhouettes and the perfect fit.\t\t\t\t\t\t<\/div>\n\t\t\t\t<\/div>\n\t\t\t\t<div class=\"elementor-element elementor-element-bd20f64 elementor-widget elementor-widget-image\" data-id=\"bd20f64\" data-element_type=\"widget\" data-widget_type=\"image.default\">\n\t\t\t\t<div class=\"elementor-widget-container\">\n\t\t\t\t\t\t\t\t\t\t\t\t\t<img fetchpriority=\"high\" decoding=\"async\" width=\"768\" height=\"1024\" src=\"https:\/\/www.ludwigwall.at\/wp-content\/uploads\/2026\/04\/LANIUS_SS26_18-768x1024.jpg\" class=\"elementor-animation-grow attachment-medium_large size-medium_large wp-image-6132\" alt=\"\" srcset=\"https:\/\/www.ludwigwall.at\/wp-content\/uploads\/2026\/04\/LANIUS_SS26_18-768x1024.jpg 768w, https:\/\/www.ludwigwall.at\/wp-content\/uploads\/2026\/04\/LANIUS_SS26_18-225x300.jpg 225w, https:\/\/www.ludwigwall.at\/wp-content\/uploads\/2026\/04\/LANIUS_SS26_18-1152x1536.jpg 1152w, https:\/\/www.ludwigwall.at\/wp-content\/uploads\/2026\/04\/LANIUS_SS26_18-1536x2048.jpg 1536w, https:\/\/www.ludwigwall.at\/wp-content\/uploads\/2026\/04\/LANIUS_SS26_18-9x12.jpg 9w, https:\/\/www.ludwigwall.at\/wp-content\/uploads\/2026\/04\/LANIUS_SS26_18.jpg 1800w\" sizes=\"(max-width: 768px) 100vw, 768px\" \/>\t\t\t\t\t\t\t\t\t\t\t\t\t<\/div>\n\t\t\t\t<\/div>\n\t\t\t\t<div class=\"elementor-element elementor-element-668cc9b elementor-widget elementor-widget-heading\" data-id=\"668cc9b\" data-element_type=\"widget\" data-widget_type=\"heading.default\">\n\t\t\t\t<div class=\"elementor-widget-container\">\n\t\t\t<h2 class=\"elementor-heading-title elementor-size-default\">Love Fashion<\/h2>\t\t<\/div>\n\t\t\t\t<\/div>\n\t\t\t\t<div class=\"elementor-element elementor-element-eb267a4 elementor-widget elementor-widget-text-editor\" data-id=\"eb267a4\" data-element_type=\"widget\" data-widget_type=\"text-editor.default\">\n\t\t\t\t<div class=\"elementor-widget-container\">\n\t\t\t\t\t\t\t<h5>We love fashion. Twice a year new LANIUS-collections are thought into existence through the creativity of our team of designers in our studio in K\u00f6ln. Feminine, unique and conceived with a love for detail. Thought-out trends and quality materials govern the design of our slow fashion lines.\t\t\t\t\t\t<\/div>\n\t\t\t\t<\/div>\n\t\t\t\t\t<\/div>\n\t\t<\/div>\n\t\t\t\t<div class=\"elementor-column elementor-col-33 elementor-top-column elementor-element elementor-element-7590bc9\" data-id=\"7590bc9\" data-element_type=\"column\">\n\t\t\t<div class=\"elementor-widget-wrap elementor-element-populated\">\n\t\t\t\t\t\t<div class=\"elementor-element elementor-element-cf678de elementor-widget elementor-widget-image\" data-id=\"cf678de\" data-element_type=\"widget\" data-widget_type=\"image.default\">\n\t\t\t\t<div class=\"elementor-widget-container\">\n\t\t\t\t\t\t\t\t\t\t\t\t\t<img decoding=\"async\" width=\"768\" height=\"1024\" src=\"https:\/\/www.ludwigwall.at\/wp-content\/uploads\/2026\/04\/LANIUS_SS26_42-768x1024.jpg\" class=\"elementor-animation-grow attachment-medium_large size-medium_large wp-image-6135\" alt=\"\" srcset=\"https:\/\/www.ludwigwall.at\/wp-content\/uploads\/2026\/04\/LANIUS_SS26_42-768x1024.jpg 768w, https:\/\/www.ludwigwall.at\/wp-content\/uploads\/2026\/04\/LANIUS_SS26_42-225x300.jpg 225w, https:\/\/www.ludwigwall.at\/wp-content\/uploads\/2026\/04\/LANIUS_SS26_42-1152x1536.jpg 1152w, https:\/\/www.ludwigwall.at\/wp-content\/uploads\/2026\/04\/LANIUS_SS26_42-1536x2048.jpg 1536w, https:\/\/www.ludwigwall.at\/wp-content\/uploads\/2026\/04\/LANIUS_SS26_42-9x12.jpg 9w, https:\/\/www.ludwigwall.at\/wp-content\/uploads\/2026\/04\/LANIUS_SS26_42.jpg 1800w\" sizes=\"(max-width: 768px) 100vw, 768px\" \/>\t\t\t\t\t\t\t\t\t\t\t\t\t<\/div>\n\t\t\t\t<\/div>\n\t\t\t\t<div class=\"elementor-element elementor-element-9212fe5 elementor-widget elementor-widget-spacer\" data-id=\"9212fe5\" data-element_type=\"widget\" data-widget_type=\"spacer.default\">\n\t\t\t\t<div class=\"elementor-widget-container\">\n\t\t\t\t\t<div class=\"elementor-spacer\">\n\t\t\t<div class=\"elementor-spacer-inner\"><\/div>\n\t\t<\/div>\n\t\t\t\t<\/div>\n\t\t\t\t<\/div>\n\t\t\t\t<div class=\"elementor-element elementor-element-f9339af elementor-widget elementor-widget-heading\" data-id=\"f9339af\" data-element_type=\"widget\" data-widget_type=\"heading.default\">\n\t\t\t\t<div class=\"elementor-widget-container\">\n\t\t\t<h2 class=\"elementor-heading-title elementor-size-default\">think organic<\/h2>\t\t<\/div>\n\t\t\t\t<\/div>\n\t\t\t\t<div class=\"elementor-element elementor-element-20aa26f elementor-widget elementor-widget-text-editor\" data-id=\"20aa26f\" data-element_type=\"widget\" data-widget_type=\"text-editor.default\">\n\t\t\t\t<div class=\"elementor-widget-container\">\n\t\t\t\t\t\t\t<h5> We put our focus on sustainability and ecology. LANIUS is GOTS-certified and mainly uses organic materials that are tested by independent institutes. Out of love and respect for the animal we only use mulesing-free wool. Our vegan fashion is certified with the \u201cPETA-Approved Vegan\u201d logo.\t\t\t\t\t\t<\/div>\n\t\t\t\t<\/div>\n\t\t\t\t<div class=\"elementor-element elementor-element-ca21f43 elementor-widget elementor-widget-image\" data-id=\"ca21f43\" data-element_type=\"widget\" data-widget_type=\"image.default\">\n\t\t\t\t<div class=\"elementor-widget-container\">\n\t\t\t\t\t\t\t\t\t\t\t\t\t<img loading=\"lazy\" decoding=\"async\" width=\"768\" height=\"576\" src=\"https:\/\/www.ludwigwall.at\/wp-content\/uploads\/2026\/04\/LANIUS_SS26_33-768x576.jpg\" class=\"elementor-animation-grow attachment-medium_large size-medium_large wp-image-6133\" alt=\"\" srcset=\"https:\/\/www.ludwigwall.at\/wp-content\/uploads\/2026\/04\/LANIUS_SS26_33-768x576.jpg 768w, https:\/\/www.ludwigwall.at\/wp-content\/uploads\/2026\/04\/LANIUS_SS26_33-300x225.jpg 300w, https:\/\/www.ludwigwall.at\/wp-content\/uploads\/2026\/04\/LANIUS_SS26_33-1024x768.jpg 1024w, https:\/\/www.ludwigwall.at\/wp-content\/uploads\/2026\/04\/LANIUS_SS26_33-1536x1152.jpg 1536w, https:\/\/www.ludwigwall.at\/wp-content\/uploads\/2026\/04\/LANIUS_SS26_33-2048x1536.jpg 2048w, https:\/\/www.ludwigwall.at\/wp-content\/uploads\/2026\/04\/LANIUS_SS26_33-16x12.jpg 16w\" sizes=\"(max-width: 768px) 100vw, 768px\" \/>\t\t\t\t\t\t\t\t\t\t\t\t\t<\/div>\n\t\t\t\t<\/div>\n\t\t\t\t\t<\/div>\n\t\t<\/div>\n\t\t\t\t<div class=\"elementor-column elementor-col-33 elementor-top-column elementor-element elementor-element-32f3ebeb\" data-id=\"32f3ebeb\" data-element_type=\"column\">\n\t\t\t<div class=\"elementor-widget-wrap elementor-element-populated\">\n\t\t\t\t\t\t<div class=\"elementor-element elementor-element-4aa3e57 elementor-widget elementor-widget-heading\" data-id=\"4aa3e57\" data-element_type=\"widget\" data-widget_type=\"heading.default\">\n\t\t\t\t<div class=\"elementor-widget-container\">\n\t\t\t<h2 class=\"elementor-heading-title elementor-size-default\">be responsible<\/h2>\t\t<\/div>\n\t\t\t\t<\/div>\n\t\t\t\t<div class=\"elementor-element elementor-element-185aa4e elementor-widget elementor-widget-text-editor\" data-id=\"185aa4e\" data-element_type=\"widget\" data-widget_type=\"text-editor.default\">\n\t\t\t\t<div class=\"elementor-widget-container\">\n\t\t\t\t\t\t\t<h5>We take responsibility. Our producers are equipped with a variety of certificates, which safeguard the company\u2019s social standards. Among these are the GOTS-certificate, the Standard SA8000, the BSCI Code of Conduct, as well as auditing by the Fair Wear Foundation. We make exceptions for small family businesses, that work according to our social standards and that we personally visit on a regular basis.\t\t\t\t\t\t<\/div>\n\t\t\t\t<\/div>\n\t\t\t\t<div class=\"elementor-element elementor-element-04eec4e elementor-widget elementor-widget-image\" data-id=\"04eec4e\" data-element_type=\"widget\" data-widget_type=\"image.default\">\n\t\t\t\t<div class=\"elementor-widget-container\">\n\t\t\t\t\t\t\t\t\t\t\t\t\t<img loading=\"lazy\" decoding=\"async\" width=\"768\" height=\"1024\" src=\"https:\/\/www.ludwigwall.at\/wp-content\/uploads\/2026\/04\/LANIUS_SS26_11-768x1024.jpg\" class=\"elementor-animation-grow attachment-medium_large size-medium_large wp-image-6131\" alt=\"\" srcset=\"https:\/\/www.ludwigwall.at\/wp-content\/uploads\/2026\/04\/LANIUS_SS26_11-768x1024.jpg 768w, https:\/\/www.ludwigwall.at\/wp-content\/uploads\/2026\/04\/LANIUS_SS26_11-225x300.jpg 225w, https:\/\/www.ludwigwall.at\/wp-content\/uploads\/2026\/04\/LANIUS_SS26_11-1152x1536.jpg 1152w, https:\/\/www.ludwigwall.at\/wp-content\/uploads\/2026\/04\/LANIUS_SS26_11-1536x2048.jpg 1536w, https:\/\/www.ludwigwall.at\/wp-content\/uploads\/2026\/04\/LANIUS_SS26_11-9x12.jpg 9w, https:\/\/www.ludwigwall.at\/wp-content\/uploads\/2026\/04\/LANIUS_SS26_11.jpg 1800w\" sizes=\"(max-width: 768px) 100vw, 768px\" \/>\t\t\t\t\t\t\t\t\t\t\t\t\t<\/div>\n\t\t\t\t<\/div>\n\t\t\t\t\t<\/div>\n\t\t<\/div>\n\t\t\t\t\t<\/div>\n\t\t<\/section>\n\t\t\t\t<section class=\"elementor-section elementor-top-section elementor-element elementor-element-683dc83 elementor-section-boxed elementor-section-height-default elementor-section-height-default\" data-id=\"683dc83\" data-element_type=\"section\">\n\t\t\t\t\t\t<div class=\"elementor-container elementor-column-gap-default\">\n\t\t\t\t\t<div class=\"elementor-column elementor-col-50 elementor-top-column elementor-element elementor-element-11252d1\" data-id=\"11252d1\" data-element_type=\"column\">\n\t\t\t<div class=\"elementor-widget-wrap elementor-element-populated\">\n\t\t\t\t\t\t<div class=\"elementor-element elementor-element-1958870 elementor-widget elementor-widget-video\" data-id=\"1958870\" data-element_type=\"widget\" data-settings=\"{&quot;youtube_url&quot;:&quot;https:\\\/\\\/www.youtube.com\\\/watch?v=YIjlhk4elOw&quot;,&quot;video_type&quot;:&quot;youtube&quot;,&quot;controls&quot;:&quot;yes&quot;}\" data-widget_type=\"video.default\">\n\t\t\t\t<div class=\"elementor-widget-container\">\n\t\t\t\t\t<div class=\"elementor-wrapper elementor-open-inline\">\n\t\t\t<div class=\"elementor-video\"><\/div>\t\t<\/div>\n\t\t\t\t<\/div>\n\t\t\t\t<\/div>\n\t\t\t\t\t<\/div>\n\t\t<\/div>\n\t\t\t\t<div class=\"elementor-column elementor-col-50 elementor-top-column elementor-element elementor-element-6d7861b\" data-id=\"6d7861b\" data-element_type=\"column\">\n\t\t\t<div class=\"elementor-widget-wrap elementor-element-populated\">\n\t\t\t\t\t\t<div class=\"elementor-element elementor-element-2c7aa1e elementor-widget elementor-widget-video\" data-id=\"2c7aa1e\" data-element_type=\"widget\" data-settings=\"{&quot;youtube_url&quot;:&quot;https:\\\/\\\/www.youtube.com\\\/watch?v=7VPJkHO5eDk&quot;,&quot;video_type&quot;:&quot;youtube&quot;,&quot;controls&quot;:&quot;yes&quot;}\" data-widget_type=\"video.default\">\n\t\t\t\t<div class=\"elementor-widget-container\">\n\t\t\t\t\t<div class=\"elementor-wrapper elementor-open-inline\">\n\t\t\t<div class=\"elementor-video\"><\/div>\t\t<\/div>\n\t\t\t\t<\/div>\n\t\t\t\t<\/div>\n\t\t\t\t\t<\/div>\n\t\t<\/div>\n\t\t\t\t\t<\/div>\n\t\t<\/section>\n\t\t\t\t<section class=\"elementor-section elementor-top-section elementor-element elementor-element-c6d326a elementor-section-boxed elementor-section-height-default elementor-section-height-default\" data-id=\"c6d326a\" data-element_type=\"section\">\n\t\t\t\t\t\t<div class=\"elementor-container elementor-column-gap-default\">\n\t\t\t\t\t<div class=\"elementor-column elementor-col-100 elementor-top-column elementor-element elementor-element-f87137a\" data-id=\"f87137a\" data-element_type=\"column\">\n\t\t\t<div class=\"elementor-widget-wrap elementor-element-populated\">\n\t\t\t\t\t\t<div class=\"elementor-element elementor-element-4e114295 elementor-button-danger elementor-align-center elementor-widget elementor-widget-button\" data-id=\"4e114295\" data-element_type=\"widget\" data-widget_type=\"button.default\">\n\t\t\t\t<div class=\"elementor-widget-container\">\n\t\t\t\t\t<div class=\"elementor-button-wrapper\">\n\t\t\t<a class=\"elementor-button elementor-button-link elementor-size-sm\" href=\"https:\/\/www.lanius.com\" target=\"_blank\">\n\t\t\t\t\t\t<span class=\"elementor-button-content-wrapper\">\n\t\t\t\t\t\t\t\t\t<span class=\"elementor-button-text\">more information<\/span>\n\t\t\t\t\t<\/span>\n\t\t\t\t\t<\/a>\n\t\t<\/div>\n\t\t\t\t<\/div>\n\t\t\t\t<\/div>\n\t\t\t\t\t<\/div>\n\t\t<\/div>\n\t\t\t\t\t<\/div>\n\t\t<\/section>\n\t\t\t\t<\/div>","protected":false},"excerpt":{"rendered":"<p>LOVE FASHION THINK ORGANIC BE RESPONSIBLE So lauten die Maximen von LANIUS. Auf diesen Grundpfeilern basiert die Vision von Gr\u00fcnderin Claudia Lanius: \u00d6kologische Materialien in Einklang bringen mit fairen Arbeitsbedingungen, femininen Silhouetten und einer perfekten Passform. Love Fashion Wir lieben Mode. Zweimal j\u00e4hrlich entstehen im K\u00f6lner Atelier neue LANIUS-Kollektionen durch die Kreativit\u00e4t unseres Designteams. Feminin, [&hellip;]<\/p>","protected":false},"author":2,"featured_media":0,"parent":27,"menu_order":0,"comment_status":"closed","ping_status":"closed","template":"","meta":{"ocean_post_layout":"","ocean_both_sidebars_style":"","ocean_both_sidebars_content_width":0,"ocean_both_sidebars_sidebars_width":0,"ocean_sidebar":"0","ocean_second_sidebar":"0","ocean_disable_margins":"enable","ocean_add_body_class":"","ocean_shortcode_before_top_bar":"","ocean_shortcode_after_top_bar":"","ocean_shortcode_before_header":"","ocean_shortcode_after_header":"","ocean_has_shortcode":"","ocean_shortcode_after_title":"","ocean_shortcode_before_footer_widgets":"","ocean_shortcode_after_footer_widgets":"","ocean_shortcode_before_footer_bottom":"","ocean_shortcode_after_footer_bottom":"","ocean_display_top_bar":"default","ocean_display_header":"default","ocean_header_style":"","ocean_center_header_left_menu":"0","ocean_custom_header_template":"0","ocean_custom_logo":0,"ocean_custom_retina_logo":0,"ocean_custom_logo_max_width":0,"ocean_custom_logo_tablet_max_width":0,"ocean_custom_logo_mobile_max_width":0,"ocean_custom_logo_max_height":0,"ocean_custom_logo_tablet_max_height":0,"ocean_custom_logo_mobile_max_height":0,"ocean_header_custom_menu":"0","ocean_menu_typo_font_family":"0","ocean_menu_typo_font_subset":"","ocean_menu_typo_font_size":0,"ocean_menu_typo_font_size_tablet":0,"ocean_menu_typo_font_size_mobile":0,"ocean_menu_typo_font_size_unit":"px","ocean_menu_typo_font_weight":"","ocean_menu_typo_font_weight_tablet":"","ocean_menu_typo_font_weight_mobile":"","ocean_menu_typo_transform":"","ocean_menu_typo_transform_tablet":"","ocean_menu_typo_transform_mobile":"","ocean_menu_typo_line_height":0,"ocean_menu_typo_line_height_tablet":0,"ocean_menu_typo_line_height_mobile":0,"ocean_menu_typo_line_height_unit":"","ocean_menu_typo_spacing":0,"ocean_menu_typo_spacing_tablet":0,"ocean_menu_typo_spacing_mobile":0,"ocean_menu_typo_spacing_unit":"","ocean_menu_link_color":"","ocean_menu_link_color_hover":"","ocean_menu_link_color_active":"","ocean_menu_link_background":"","ocean_menu_link_hover_background":"","ocean_menu_link_active_background":"","ocean_menu_social_links_bg":"","ocean_menu_social_hover_links_bg":"","ocean_menu_social_links_color":"","ocean_menu_social_hover_links_color":"","ocean_disable_title":"default","ocean_disable_heading":"default","ocean_post_title":"","ocean_post_subheading":"","ocean_post_title_style":"","ocean_post_title_background_color":"","ocean_post_title_background":0,"ocean_post_title_bg_image_position":"","ocean_post_title_bg_image_attachment":"","ocean_post_title_bg_image_repeat":"","ocean_post_title_bg_image_size":"","ocean_post_title_height":0,"ocean_post_title_bg_overlay":0.5,"ocean_post_title_bg_overlay_color":"","ocean_disable_breadcrumbs":"default","ocean_breadcrumbs_color":"","ocean_breadcrumbs_separator_color":"","ocean_breadcrumbs_links_color":"","ocean_breadcrumbs_links_hover_color":"","ocean_display_footer_widgets":"default","ocean_display_footer_bottom":"default","ocean_custom_footer_template":"0","footnotes":""},"_links":{"self":[{"href":"https:\/\/www.ludwigwall.at\/en\/wp-json\/wp\/v2\/pages\/40"}],"collection":[{"href":"https:\/\/www.ludwigwall.at\/en\/wp-json\/wp\/v2\/pages"}],"about":[{"href":"https:\/\/www.ludwigwall.at\/en\/wp-json\/wp\/v2\/types\/page"}],"author":[{"embeddable":true,"href":"https:\/\/www.ludwigwall.at\/en\/wp-json\/wp\/v2\/users\/2"}],"replies":[{"embeddable":true,"href":"https:\/\/www.ludwigwall.at\/en\/wp-json\/wp\/v2\/comments?post=40"}],"version-history":[{"count":193,"href":"https:\/\/www.ludwigwall.at\/en\/wp-json\/wp\/v2\/pages\/40\/revisions"}],"predecessor-version":[{"id":6142,"href":"https:\/\/www.ludwigwall.at\/en\/wp-json\/wp\/v2\/pages\/40\/revisions\/6142"}],"up":[{"embeddable":true,"href":"https:\/\/www.ludwigwall.at\/en\/wp-json\/wp\/v2\/pages\/27"}],"wp:attachment":[{"href":"https:\/\/www.ludwigwall.at\/en\/wp-json\/wp\/v2\/media?parent=40"}],"curies":[{"name":"wp","href":"https:\/\/api.w.org\/{rel}","templated":true}]}}