{"id":29,"date":"2020-06-04T15:12:32","date_gmt":"2020-06-04T15:12:32","guid":{"rendered":"http:\/\/www.ludwigwall.at\/Agentur\/?page_id=29"},"modified":"2026-04-11T09:15:45","modified_gmt":"2026-04-11T09:15:45","slug":"showroom","status":"publish","type":"page","link":"https:\/\/www.ludwigwall.at\/en\/showroom\/","title":{"rendered":"Showroom"},"content":{"rendered":"<div data-elementor-type=\"wp-page\" data-elementor-id=\"29\" class=\"elementor elementor-29\">\n\t\t\t\t\t\t<section class=\"elementor-section elementor-top-section elementor-element elementor-element-20b7c95 elementor-section-content-middle elementor-section-boxed elementor-section-height-default elementor-section-height-default\" data-id=\"20b7c95\" data-element_type=\"section\">\n\t\t\t\t\t\t<div class=\"elementor-container elementor-column-gap-no\">\n\t\t\t\t\t<div class=\"elementor-column elementor-col-100 elementor-top-column elementor-element elementor-element-b9bcdd6\" data-id=\"b9bcdd6\" data-element_type=\"column\">\n\t\t\t<div class=\"elementor-widget-wrap elementor-element-populated\">\n\t\t\t\t\t\t<div class=\"elementor-element elementor-element-1818a70 elementor-widget elementor-widget-heading\" data-id=\"1818a70\" data-element_type=\"widget\" data-widget_type=\"heading.default\">\n\t\t\t\t<div class=\"elementor-widget-container\">\n\t\t\t<h1 class=\"elementor-heading-title elementor-size-default\">Come be inspired in our showroom! <\/h1>\t\t<\/div>\n\t\t\t\t<\/div>\n\t\t\t\t<div class=\"elementor-element elementor-element-cce6acd elementor-widget elementor-widget-text-editor\" data-id=\"cce6acd\" data-element_type=\"widget\" data-widget_type=\"text-editor.default\">\n\t\t\t\t<div class=\"elementor-widget-container\">\n\t\t\t\t\t\t\t<h5>\n\nTo be able to introduce to you our high-quality, fashionable and sustainable collection, we welcome you to our Showroom. \nWe ask you to please make an appointment preceding your visit.\n\n<\/div>\t\t\t\t\t\t<\/div>\n\t\t\t\t<\/div>\n\t\t\t\t\t<\/div>\n\t\t<\/div>\n\t\t\t\t\t<\/div>\n\t\t<\/section>\n\t\t\t\t<section class=\"elementor-section elementor-top-section elementor-element elementor-element-144aa6d elementor-section-boxed elementor-section-height-default elementor-section-height-default\" data-id=\"144aa6d\" data-element_type=\"section\">\n\t\t\t\t\t\t<div class=\"elementor-container elementor-column-gap-default\">\n\t\t\t\t\t<div class=\"elementor-column elementor-col-25 elementor-top-column elementor-element elementor-element-4cd52de\" data-id=\"4cd52de\" data-element_type=\"column\">\n\t\t\t<div class=\"elementor-widget-wrap elementor-element-populated\">\n\t\t\t\t\t\t<div class=\"elementor-element elementor-element-ba9a1ba elementor-widget elementor-widget-image\" data-id=\"ba9a1ba\" data-element_type=\"widget\" data-widget_type=\"image.default\">\n\t\t\t\t<div class=\"elementor-widget-container\">\n\t\t\t\t\t\t\t\t\t\t\t\t\t<img fetchpriority=\"high\" decoding=\"async\" width=\"1024\" height=\"722\" src=\"https:\/\/www.ludwigwall.at\/wp-content\/uploads\/2026\/03\/Agentur5-1024x722.jpg\" class=\"attachment-large size-large wp-image-6060\" alt=\"\" srcset=\"https:\/\/www.ludwigwall.at\/wp-content\/uploads\/2026\/03\/Agentur5-1024x722.jpg 1024w, https:\/\/www.ludwigwall.at\/wp-content\/uploads\/2026\/03\/Agentur5-300x211.jpg 300w, https:\/\/www.ludwigwall.at\/wp-content\/uploads\/2026\/03\/Agentur5-768x541.jpg 768w, https:\/\/www.ludwigwall.at\/wp-content\/uploads\/2026\/03\/Agentur5-1536x1083.jpg 1536w, https:\/\/www.ludwigwall.at\/wp-content\/uploads\/2026\/03\/Agentur5-2048x1444.jpg 2048w, https:\/\/www.ludwigwall.at\/wp-content\/uploads\/2026\/03\/Agentur5-18x12.jpg 18w\" sizes=\"(max-width: 1024px) 100vw, 1024px\" \/>\t\t\t\t\t\t\t\t\t\t\t\t\t<\/div>\n\t\t\t\t<\/div>\n\t\t\t\t\t<\/div>\n\t\t<\/div>\n\t\t\t\t<div class=\"elementor-column elementor-col-25 elementor-top-column elementor-element elementor-element-cc4708e\" data-id=\"cc4708e\" data-element_type=\"column\">\n\t\t\t<div class=\"elementor-widget-wrap elementor-element-populated\">\n\t\t\t\t\t\t<div class=\"elementor-element elementor-element-c6d8f5a elementor-widget elementor-widget-image\" data-id=\"c6d8f5a\" data-element_type=\"widget\" data-widget_type=\"image.default\">\n\t\t\t\t<div class=\"elementor-widget-container\">\n\t\t\t\t\t\t\t\t\t\t\t\t\t<img decoding=\"async\" width=\"1024\" height=\"722\" src=\"https:\/\/www.ludwigwall.at\/wp-content\/uploads\/2026\/03\/Agentur6-1-1024x722.jpg\" class=\"attachment-large size-large wp-image-6064\" alt=\"\" srcset=\"https:\/\/www.ludwigwall.at\/wp-content\/uploads\/2026\/03\/Agentur6-1-1024x722.jpg 1024w, https:\/\/www.ludwigwall.at\/wp-content\/uploads\/2026\/03\/Agentur6-1-300x211.jpg 300w, https:\/\/www.ludwigwall.at\/wp-content\/uploads\/2026\/03\/Agentur6-1-768x541.jpg 768w, https:\/\/www.ludwigwall.at\/wp-content\/uploads\/2026\/03\/Agentur6-1-1536x1083.jpg 1536w, https:\/\/www.ludwigwall.at\/wp-content\/uploads\/2026\/03\/Agentur6-1-2048x1444.jpg 2048w, https:\/\/www.ludwigwall.at\/wp-content\/uploads\/2026\/03\/Agentur6-1-18x12.jpg 18w\" sizes=\"(max-width: 1024px) 100vw, 1024px\" \/>\t\t\t\t\t\t\t\t\t\t\t\t\t<\/div>\n\t\t\t\t<\/div>\n\t\t\t\t\t<\/div>\n\t\t<\/div>\n\t\t\t\t<div class=\"elementor-column elementor-col-25 elementor-top-column elementor-element elementor-element-03726e5\" data-id=\"03726e5\" data-element_type=\"column\">\n\t\t\t<div class=\"elementor-widget-wrap elementor-element-populated\">\n\t\t\t\t\t\t<div class=\"elementor-element elementor-element-db534bf elementor-widget elementor-widget-image\" data-id=\"db534bf\" data-element_type=\"widget\" data-widget_type=\"image.default\">\n\t\t\t\t<div class=\"elementor-widget-container\">\n\t\t\t\t\t\t\t\t\t\t\t\t\t<img decoding=\"async\" width=\"1024\" height=\"722\" src=\"https:\/\/www.ludwigwall.at\/wp-content\/uploads\/2026\/03\/Agentur8-1024x722.jpg\" class=\"attachment-large size-large wp-image-6063\" alt=\"\" srcset=\"https:\/\/www.ludwigwall.at\/wp-content\/uploads\/2026\/03\/Agentur8-1024x722.jpg 1024w, https:\/\/www.ludwigwall.at\/wp-content\/uploads\/2026\/03\/Agentur8-300x211.jpg 300w, https:\/\/www.ludwigwall.at\/wp-content\/uploads\/2026\/03\/Agentur8-768x541.jpg 768w, https:\/\/www.ludwigwall.at\/wp-content\/uploads\/2026\/03\/Agentur8-1536x1083.jpg 1536w, https:\/\/www.ludwigwall.at\/wp-content\/uploads\/2026\/03\/Agentur8-2048x1444.jpg 2048w, https:\/\/www.ludwigwall.at\/wp-content\/uploads\/2026\/03\/Agentur8-18x12.jpg 18w\" sizes=\"(max-width: 1024px) 100vw, 1024px\" \/>\t\t\t\t\t\t\t\t\t\t\t\t\t<\/div>\n\t\t\t\t<\/div>\n\t\t\t\t\t<\/div>\n\t\t<\/div>\n\t\t\t\t<div class=\"elementor-column elementor-col-25 elementor-top-column elementor-element elementor-element-1347460\" data-id=\"1347460\" data-element_type=\"column\">\n\t\t\t<div class=\"elementor-widget-wrap elementor-element-populated\">\n\t\t\t\t\t\t<div class=\"elementor-element elementor-element-f41bc7b elementor-widget elementor-widget-image\" data-id=\"f41bc7b\" data-element_type=\"widget\" data-widget_type=\"image.default\">\n\t\t\t\t<div class=\"elementor-widget-container\">\n\t\t\t\t\t\t\t\t\t\t\t\t\t<img loading=\"lazy\" decoding=\"async\" width=\"1024\" height=\"722\" src=\"https:\/\/www.ludwigwall.at\/wp-content\/uploads\/2026\/03\/Agentur7-1024x722.jpg\" class=\"attachment-large size-large wp-image-6062\" alt=\"\" srcset=\"https:\/\/www.ludwigwall.at\/wp-content\/uploads\/2026\/03\/Agentur7-1024x722.jpg 1024w, https:\/\/www.ludwigwall.at\/wp-content\/uploads\/2026\/03\/Agentur7-300x211.jpg 300w, https:\/\/www.ludwigwall.at\/wp-content\/uploads\/2026\/03\/Agentur7-768x541.jpg 768w, https:\/\/www.ludwigwall.at\/wp-content\/uploads\/2026\/03\/Agentur7-1536x1083.jpg 1536w, https:\/\/www.ludwigwall.at\/wp-content\/uploads\/2026\/03\/Agentur7-2048x1444.jpg 2048w, https:\/\/www.ludwigwall.at\/wp-content\/uploads\/2026\/03\/Agentur7-18x12.jpg 18w\" sizes=\"(max-width: 1024px) 100vw, 1024px\" \/>\t\t\t\t\t\t\t\t\t\t\t\t\t<\/div>\n\t\t\t\t<\/div>\n\t\t\t\t\t<\/div>\n\t\t<\/div>\n\t\t\t\t\t<\/div>\n\t\t<\/section>\n\t\t\t\t<section class=\"elementor-section elementor-top-section elementor-element elementor-element-1e85da7 elementor-section-boxed elementor-section-height-default elementor-section-height-default\" data-id=\"1e85da7\" data-element_type=\"section\" data-settings=\"{&quot;background_background&quot;:&quot;classic&quot;}\">\n\t\t\t\t\t\t<div class=\"elementor-container elementor-column-gap-default\">\n\t\t\t\t\t<div class=\"elementor-column elementor-col-25 elementor-top-column elementor-element elementor-element-38904e0\" data-id=\"38904e0\" data-element_type=\"column\">\n\t\t\t<div class=\"elementor-widget-wrap elementor-element-populated\">\n\t\t\t\t\t\t<div class=\"elementor-element elementor-element-d444bd3 elementor-widget elementor-widget-image\" data-id=\"d444bd3\" data-element_type=\"widget\" data-widget_type=\"image.default\">\n\t\t\t\t<div class=\"elementor-widget-container\">\n\t\t\t\t\t\t\t\t\t\t\t\t\t<img loading=\"lazy\" decoding=\"async\" width=\"722\" height=\"1024\" src=\"https:\/\/www.ludwigwall.at\/wp-content\/uploads\/2026\/03\/Agentur2-722x1024.jpg\" class=\"attachment-large size-large wp-image-6057\" alt=\"\" srcset=\"https:\/\/www.ludwigwall.at\/wp-content\/uploads\/2026\/03\/Agentur2-722x1024.jpg 722w, https:\/\/www.ludwigwall.at\/wp-content\/uploads\/2026\/03\/Agentur2-211x300.jpg 211w, https:\/\/www.ludwigwall.at\/wp-content\/uploads\/2026\/03\/Agentur2-768x1089.jpg 768w, https:\/\/www.ludwigwall.at\/wp-content\/uploads\/2026\/03\/Agentur2-1083x1536.jpg 1083w, https:\/\/www.ludwigwall.at\/wp-content\/uploads\/2026\/03\/Agentur2-1444x2048.jpg 1444w, https:\/\/www.ludwigwall.at\/wp-content\/uploads\/2026\/03\/Agentur2-8x12.jpg 8w, https:\/\/www.ludwigwall.at\/wp-content\/uploads\/2026\/03\/Agentur2.jpg 1749w\" sizes=\"(max-width: 722px) 100vw, 722px\" \/>\t\t\t\t\t\t\t\t\t\t\t\t\t<\/div>\n\t\t\t\t<\/div>\n\t\t\t\t\t<\/div>\n\t\t<\/div>\n\t\t\t\t<div class=\"elementor-column elementor-col-25 elementor-top-column elementor-element elementor-element-dcfae77\" data-id=\"dcfae77\" data-element_type=\"column\">\n\t\t\t<div class=\"elementor-widget-wrap elementor-element-populated\">\n\t\t\t\t\t\t<div class=\"elementor-element elementor-element-5f8230c elementor-widget elementor-widget-image\" data-id=\"5f8230c\" data-element_type=\"widget\" data-widget_type=\"image.default\">\n\t\t\t\t<div class=\"elementor-widget-container\">\n\t\t\t\t\t\t\t\t\t\t\t\t\t<img loading=\"lazy\" decoding=\"async\" width=\"1749\" height=\"2481\" src=\"https:\/\/www.ludwigwall.at\/wp-content\/uploads\/2026\/03\/Agentur4.jpg\" class=\"attachment-full size-full wp-image-6059\" alt=\"\" srcset=\"https:\/\/www.ludwigwall.at\/wp-content\/uploads\/2026\/03\/Agentur4.jpg 1749w, https:\/\/www.ludwigwall.at\/wp-content\/uploads\/2026\/03\/Agentur4-211x300.jpg 211w, https:\/\/www.ludwigwall.at\/wp-content\/uploads\/2026\/03\/Agentur4-722x1024.jpg 722w, https:\/\/www.ludwigwall.at\/wp-content\/uploads\/2026\/03\/Agentur4-768x1089.jpg 768w, https:\/\/www.ludwigwall.at\/wp-content\/uploads\/2026\/03\/Agentur4-1083x1536.jpg 1083w, https:\/\/www.ludwigwall.at\/wp-content\/uploads\/2026\/03\/Agentur4-1444x2048.jpg 1444w, https:\/\/www.ludwigwall.at\/wp-content\/uploads\/2026\/03\/Agentur4-8x12.jpg 8w\" sizes=\"(max-width: 1749px) 100vw, 1749px\" \/>\t\t\t\t\t\t\t\t\t\t\t\t\t<\/div>\n\t\t\t\t<\/div>\n\t\t\t\t\t<\/div>\n\t\t<\/div>\n\t\t\t\t<div class=\"elementor-column elementor-col-25 elementor-top-column elementor-element elementor-element-fa46321\" data-id=\"fa46321\" data-element_type=\"column\">\n\t\t\t<div class=\"elementor-widget-wrap elementor-element-populated\">\n\t\t\t\t\t\t<div class=\"elementor-element elementor-element-fa30ae3 elementor-widget elementor-widget-image\" data-id=\"fa30ae3\" data-element_type=\"widget\" data-widget_type=\"image.default\">\n\t\t\t\t<div class=\"elementor-widget-container\">\n\t\t\t\t\t\t\t\t\t\t\t\t\t<img loading=\"lazy\" decoding=\"async\" width=\"1749\" height=\"2481\" src=\"https:\/\/www.ludwigwall.at\/wp-content\/uploads\/2026\/03\/Agentur3.jpg\" class=\"attachment-full size-full wp-image-6058\" alt=\"\" srcset=\"https:\/\/www.ludwigwall.at\/wp-content\/uploads\/2026\/03\/Agentur3.jpg 1749w, https:\/\/www.ludwigwall.at\/wp-content\/uploads\/2026\/03\/Agentur3-211x300.jpg 211w, https:\/\/www.ludwigwall.at\/wp-content\/uploads\/2026\/03\/Agentur3-722x1024.jpg 722w, https:\/\/www.ludwigwall.at\/wp-content\/uploads\/2026\/03\/Agentur3-768x1089.jpg 768w, https:\/\/www.ludwigwall.at\/wp-content\/uploads\/2026\/03\/Agentur3-1083x1536.jpg 1083w, https:\/\/www.ludwigwall.at\/wp-content\/uploads\/2026\/03\/Agentur3-1444x2048.jpg 1444w, https:\/\/www.ludwigwall.at\/wp-content\/uploads\/2026\/03\/Agentur3-8x12.jpg 8w\" sizes=\"(max-width: 1749px) 100vw, 1749px\" \/>\t\t\t\t\t\t\t\t\t\t\t\t\t<\/div>\n\t\t\t\t<\/div>\n\t\t\t\t\t<\/div>\n\t\t<\/div>\n\t\t\t\t<div class=\"elementor-column elementor-col-25 elementor-top-column elementor-element elementor-element-6c74f7d\" data-id=\"6c74f7d\" data-element_type=\"column\">\n\t\t\t<div class=\"elementor-widget-wrap elementor-element-populated\">\n\t\t\t\t\t\t<div class=\"elementor-element elementor-element-763f27f elementor-widget elementor-widget-image\" data-id=\"763f27f\" data-element_type=\"widget\" data-widget_type=\"image.default\">\n\t\t\t\t<div class=\"elementor-widget-container\">\n\t\t\t\t\t\t\t\t\t\t\t\t\t<img loading=\"lazy\" decoding=\"async\" width=\"1749\" height=\"2481\" src=\"https:\/\/www.ludwigwall.at\/wp-content\/uploads\/2026\/03\/Agentur1.jpg\" class=\"attachment-full size-full wp-image-6056\" alt=\"\" srcset=\"https:\/\/www.ludwigwall.at\/wp-content\/uploads\/2026\/03\/Agentur1.jpg 1749w, https:\/\/www.ludwigwall.at\/wp-content\/uploads\/2026\/03\/Agentur1-211x300.jpg 211w, https:\/\/www.ludwigwall.at\/wp-content\/uploads\/2026\/03\/Agentur1-722x1024.jpg 722w, https:\/\/www.ludwigwall.at\/wp-content\/uploads\/2026\/03\/Agentur1-768x1089.jpg 768w, https:\/\/www.ludwigwall.at\/wp-content\/uploads\/2026\/03\/Agentur1-1083x1536.jpg 1083w, https:\/\/www.ludwigwall.at\/wp-content\/uploads\/2026\/03\/Agentur1-1444x2048.jpg 1444w, https:\/\/www.ludwigwall.at\/wp-content\/uploads\/2026\/03\/Agentur1-8x12.jpg 8w\" sizes=\"(max-width: 1749px) 100vw, 1749px\" \/>\t\t\t\t\t\t\t\t\t\t\t\t\t<\/div>\n\t\t\t\t<\/div>\n\t\t\t\t\t<\/div>\n\t\t<\/div>\n\t\t\t\t\t<\/div>\n\t\t<\/section>\n\t\t\t\t<section class=\"elementor-section elementor-top-section elementor-element elementor-element-a5f3600 elementor-section-full_width elementor-section-height-default elementor-section-height-default\" data-id=\"a5f3600\" data-element_type=\"section\">\n\t\t\t\t\t\t<div class=\"elementor-container elementor-column-gap-default\">\n\t\t\t\t\t<div class=\"elementor-column elementor-col-100 elementor-top-column elementor-element elementor-element-2e7d36d\" data-id=\"2e7d36d\" data-element_type=\"column\">\n\t\t\t<div class=\"elementor-widget-wrap elementor-element-populated\">\n\t\t\t\t\t\t<div class=\"elementor-element elementor-element-123e4f3 elementor-widget-divider--view-line elementor-widget elementor-widget-divider\" data-id=\"123e4f3\" data-element_type=\"widget\" data-widget_type=\"divider.default\">\n\t\t\t\t<div class=\"elementor-widget-container\">\n\t\t\t\t\t<div class=\"elementor-divider\">\n\t\t\t<span class=\"elementor-divider-separator\">\n\t\t\t\t\t\t<\/span>\n\t\t<\/div>\n\t\t\t\t<\/div>\n\t\t\t\t<\/div>\n\t\t\t\t\t<\/div>\n\t\t<\/div>\n\t\t\t\t\t<\/div>\n\t\t<\/section>\n\t\t\t\t<section class=\"elementor-section elementor-top-section elementor-element elementor-element-7a7d0ee elementor-section-boxed elementor-section-height-default elementor-section-height-default\" data-id=\"7a7d0ee\" data-element_type=\"section\">\n\t\t\t\t\t\t<div class=\"elementor-container elementor-column-gap-default\">\n\t\t\t\t\t<div class=\"elementor-column elementor-col-50 elementor-top-column elementor-element elementor-element-273ec74\" data-id=\"273ec74\" data-element_type=\"column\">\n\t\t\t<div class=\"elementor-widget-wrap elementor-element-populated\">\n\t\t\t\t\t\t<div class=\"elementor-element elementor-element-22e5118 elementor-widget elementor-widget-google_maps\" data-id=\"22e5118\" data-element_type=\"widget\" data-widget_type=\"google_maps.default\">\n\t\t\t\t<div class=\"elementor-widget-container\">\n\t\t\t\t\t<div class=\"elementor-custom-embed\">\n\t\t\t<iframe loading=\"lazy\"\n\t\t\t\t\tsrc=\"https:\/\/maps.google.com\/maps?q=Fashion%20Mall%2C%20Salzburg&#038;t=m&#038;z=12&#038;output=embed&#038;iwloc=near\"\n\t\t\t\t\ttitle=\"Fashion Mall, Salzburg\"\n\t\t\t\t\taria-label=\"Fashion Mall, Salzburg\"\n\t\t\t><\/iframe>\n\t\t<\/div>\n\t\t\t\t<\/div>\n\t\t\t\t<\/div>\n\t\t\t\t\t<\/div>\n\t\t<\/div>\n\t\t\t\t<div class=\"elementor-column elementor-col-50 elementor-top-column elementor-element elementor-element-813b79e\" data-id=\"813b79e\" data-element_type=\"column\">\n\t\t\t<div class=\"elementor-widget-wrap elementor-element-populated\">\n\t\t\t\t\t\t<div class=\"elementor-element elementor-element-e994924 elementor-widget elementor-widget-heading\" data-id=\"e994924\" data-element_type=\"widget\" data-widget_type=\"heading.default\">\n\t\t\t\t<div class=\"elementor-widget-container\">\n\t\t\t<h1 class=\"elementor-heading-title elementor-size-default\">\u00d6sterreich <\/h1>\t\t<\/div>\n\t\t\t\t<\/div>\n\t\t\t\t<div class=\"elementor-element elementor-element-30d2a3a elementor-widget elementor-widget-text-editor\" data-id=\"30d2a3a\" data-element_type=\"widget\" data-widget_type=\"text-editor.default\">\n\t\t\t\t<div class=\"elementor-widget-container\">\n\t\t\t\t\t\t\t<div><p><span style=\"font-size: 18px; color: var( --e-global-color-text );\">Fashion Mall Salzburg<\/span><\/p><p><span style=\"font-family: Roboto, sans-serif; font-size: 18px; font-style: normal; font-variant-ligatures: normal; font-variant-caps: normal; font-weight: 400;\">1. floor \/ top 18<\/span><br \/><span style=\"font-family: Roboto, sans-serif; font-size: 18px; font-style: normal; font-variant-ligatures: normal; font-variant-caps: normal; font-weight: 400;\">Carl-Zuckmayer-Stra\u00dfe 37<\/span><br \/><span style=\"font-family: Roboto, sans-serif; font-size: 18px; font-style: normal; font-variant-ligatures: normal; font-variant-caps: normal; font-weight: 400;\">5020 Salzburg<\/span><\/p><\/div>\t\t\t\t\t\t<\/div>\n\t\t\t\t<\/div>\n\t\t\t\t\t<\/div>\n\t\t<\/div>\n\t\t\t\t\t<\/div>\n\t\t<\/section>\n\t\t\t\t<section class=\"elementor-section elementor-top-section elementor-element elementor-element-56f8fc2 elementor-section-boxed elementor-section-height-default elementor-section-height-default\" data-id=\"56f8fc2\" data-element_type=\"section\">\n\t\t\t\t\t\t<div class=\"elementor-container elementor-column-gap-default\">\n\t\t\t\t\t<div class=\"elementor-column elementor-col-50 elementor-top-column elementor-element elementor-element-e98c8b6\" data-id=\"e98c8b6\" data-element_type=\"column\">\n\t\t\t<div class=\"elementor-widget-wrap elementor-element-populated\">\n\t\t\t\t\t\t<div class=\"elementor-element elementor-element-7973920 elementor-widget elementor-widget-google_maps\" data-id=\"7973920\" data-element_type=\"widget\" data-widget_type=\"google_maps.default\">\n\t\t\t\t<div class=\"elementor-widget-container\">\n\t\t\t\t\t<div class=\"elementor-custom-embed\">\n\t\t\t<iframe loading=\"lazy\"\n\t\t\t\t\tsrc=\"https:\/\/maps.google.com\/maps?q=Thurgauerstrasse%2013%2C%20Z%C3%BCrich&#038;t=m&#038;z=12&#038;output=embed&#038;iwloc=near\"\n\t\t\t\t\ttitle=\"Thurgauerstrasse 13, Z\u00fcrich\"\n\t\t\t\t\taria-label=\"Thurgauerstrasse 13, Z\u00fcrich\"\n\t\t\t><\/iframe>\n\t\t<\/div>\n\t\t\t\t<\/div>\n\t\t\t\t<\/div>\n\t\t\t\t\t<\/div>\n\t\t<\/div>\n\t\t\t\t<div class=\"elementor-column elementor-col-50 elementor-top-column elementor-element elementor-element-e47af00\" data-id=\"e47af00\" data-element_type=\"column\">\n\t\t\t<div class=\"elementor-widget-wrap elementor-element-populated\">\n\t\t\t\t\t\t<div class=\"elementor-element elementor-element-7a54467 elementor-widget elementor-widget-heading\" data-id=\"7a54467\" data-element_type=\"widget\" data-widget_type=\"heading.default\">\n\t\t\t\t<div class=\"elementor-widget-container\">\n\t\t\t<h1 class=\"elementor-heading-title elementor-size-default\">Schweiz <\/h1>\t\t<\/div>\n\t\t\t\t<\/div>\n\t\t\t\t<div class=\"elementor-element elementor-element-9c9649e elementor-widget elementor-widget-text-editor\" data-id=\"9c9649e\" data-element_type=\"widget\" data-widget_type=\"text-editor.default\">\n\t\t\t\t<div class=\"elementor-widget-container\">\n\t\t\t\t\t\t\t<div><p><span style=\"font-size: 18px; color: var( --e-global-color-text );\">temporary: TMC Z\u00fcrich<\/span><\/p><p><span style=\"font-family: Roboto, sans-serif; font-size: 18px; font-style: normal; font-variant-ligatures: normal; font-variant-caps: normal; font-weight: 400;\">Thurgauerstra\u00dfe 113<\/span><br \/><span style=\"font-family: Roboto, sans-serif;\">8152 Glattpark (Opfikon)<\/span><\/p><\/div>\t\t\t\t\t\t<\/div>\n\t\t\t\t<\/div>\n\t\t\t\t\t<\/div>\n\t\t<\/div>\n\t\t\t\t\t<\/div>\n\t\t<\/section>\n\t\t\t\t<section class=\"elementor-section elementor-top-section elementor-element elementor-element-7a8dead elementor-section-boxed elementor-section-height-default elementor-section-height-default\" data-id=\"7a8dead\" data-element_type=\"section\">\n\t\t\t\t\t\t<div class=\"elementor-container elementor-column-gap-default\">\n\t\t\t\t\t<div class=\"elementor-column elementor-col-100 elementor-top-column elementor-element elementor-element-12f3c23\" data-id=\"12f3c23\" data-element_type=\"column\">\n\t\t\t<div class=\"elementor-widget-wrap elementor-element-populated\">\n\t\t\t\t\t\t<div class=\"elementor-element elementor-element-65901e9 elementor-widget elementor-widget-spacer\" data-id=\"65901e9\" data-element_type=\"widget\" data-widget_type=\"spacer.default\">\n\t\t\t\t<div class=\"elementor-widget-container\">\n\t\t\t\t\t<div class=\"elementor-spacer\">\n\t\t\t<div class=\"elementor-spacer-inner\"><\/div>\n\t\t<\/div>\n\t\t\t\t<\/div>\n\t\t\t\t<\/div>\n\t\t\t\t\t<\/div>\n\t\t<\/div>\n\t\t\t\t\t<\/div>\n\t\t<\/section>\n\t\t\t\t<\/div>","protected":false},"excerpt":{"rendered":"<p>Lassen Sie sich in unserem Showroom inspirieren! Um Ihnen unsere hochwertigen, modischen und nachhaltigen Kollektionen vorstellen zu k\u00f6nnen, hei\u00dfen wir Sie gerne in unserem Showroom willkommen. Dabei bitten wir um vorhergehende Terminvereinbarung. \u00d6sterreich Fashion Mall Salzburg 1. Stock \/ Top 18Carl-Zuckmayer-Stra\u00dfe 375020 Salzburg Schweiz tempor\u00e4r: TMC Z\u00fcrich Thurgauerstra\u00dfe 1138152 Glattpark (Opfikon)<\/p>","protected":false},"author":2,"featured_media":0,"parent":0,"menu_order":0,"comment_status":"closed","ping_status":"closed","template":"","meta":{"ocean_post_layout":"","ocean_both_sidebars_style":"","ocean_both_sidebars_content_width":0,"ocean_both_sidebars_sidebars_width":0,"ocean_sidebar":"0","ocean_second_sidebar":"0","ocean_disable_margins":"enable","ocean_add_body_class":"","ocean_shortcode_before_top_bar":"","ocean_shortcode_after_top_bar":"","ocean_shortcode_before_header":"","ocean_shortcode_after_header":"","ocean_has_shortcode":"","ocean_shortcode_after_title":"","ocean_shortcode_before_footer_widgets":"","ocean_shortcode_after_footer_widgets":"","ocean_shortcode_before_footer_bottom":"","ocean_shortcode_after_footer_bottom":"","ocean_display_top_bar":"default","ocean_display_header":"default","ocean_header_style":"","ocean_center_header_left_menu":"0","ocean_custom_header_template":"0","ocean_custom_logo":0,"ocean_custom_retina_logo":0,"ocean_custom_logo_max_width":0,"ocean_custom_logo_tablet_max_width":0,"ocean_custom_logo_mobile_max_width":0,"ocean_custom_logo_max_height":0,"ocean_custom_logo_tablet_max_height":0,"ocean_custom_logo_mobile_max_height":0,"ocean_header_custom_menu":"0","ocean_menu_typo_font_family":"0","ocean_menu_typo_font_subset":"","ocean_menu_typo_font_size":0,"ocean_menu_typo_font_size_tablet":0,"ocean_menu_typo_font_size_mobile":0,"ocean_menu_typo_font_size_unit":"px","ocean_menu_typo_font_weight":"","ocean_menu_typo_font_weight_tablet":"","ocean_menu_typo_font_weight_mobile":"","ocean_menu_typo_transform":"","ocean_menu_typo_transform_tablet":"","ocean_menu_typo_transform_mobile":"","ocean_menu_typo_line_height":0,"ocean_menu_typo_line_height_tablet":0,"ocean_menu_typo_line_height_mobile":0,"ocean_menu_typo_line_height_unit":"","ocean_menu_typo_spacing":0,"ocean_menu_typo_spacing_tablet":0,"ocean_menu_typo_spacing_mobile":0,"ocean_menu_typo_spacing_unit":"","ocean_menu_link_color":"","ocean_menu_link_color_hover":"","ocean_menu_link_color_active":"","ocean_menu_link_background":"","ocean_menu_link_hover_background":"","ocean_menu_link_active_background":"","ocean_menu_social_links_bg":"","ocean_menu_social_hover_links_bg":"","ocean_menu_social_links_color":"","ocean_menu_social_hover_links_color":"","ocean_disable_title":"default","ocean_disable_heading":"default","ocean_post_title":"","ocean_post_subheading":"","ocean_post_title_style":"","ocean_post_title_background_color":"","ocean_post_title_background":0,"ocean_post_title_bg_image_position":"","ocean_post_title_bg_image_attachment":"","ocean_post_title_bg_image_repeat":"","ocean_post_title_bg_image_size":"","ocean_post_title_height":0,"ocean_post_title_bg_overlay":0.5,"ocean_post_title_bg_overlay_color":"","ocean_disable_breadcrumbs":"default","ocean_breadcrumbs_color":"","ocean_breadcrumbs_separator_color":"","ocean_breadcrumbs_links_color":"","ocean_breadcrumbs_links_hover_color":"","ocean_display_footer_widgets":"default","ocean_display_footer_bottom":"default","ocean_custom_footer_template":"0","footnotes":""},"_links":{"self":[{"href":"https:\/\/www.ludwigwall.at\/en\/wp-json\/wp\/v2\/pages\/29"}],"collection":[{"href":"https:\/\/www.ludwigwall.at\/en\/wp-json\/wp\/v2\/pages"}],"about":[{"href":"https:\/\/www.ludwigwall.at\/en\/wp-json\/wp\/v2\/types\/page"}],"author":[{"embeddable":true,"href":"https:\/\/www.ludwigwall.at\/en\/wp-json\/wp\/v2\/users\/2"}],"replies":[{"embeddable":true,"href":"https:\/\/www.ludwigwall.at\/en\/wp-json\/wp\/v2\/comments?post=29"}],"version-history":[{"count":109,"href":"https:\/\/www.ludwigwall.at\/en\/wp-json\/wp\/v2\/pages\/29\/revisions"}],"predecessor-version":[{"id":6104,"href":"https:\/\/www.ludwigwall.at\/en\/wp-json\/wp\/v2\/pages\/29\/revisions\/6104"}],"wp:attachment":[{"href":"https:\/\/www.ludwigwall.at\/en\/wp-json\/wp\/v2\/media?parent=29"}],"curies":[{"name":"wp","href":"https:\/\/api.w.org\/{rel}","templated":true}]}}