{"id":1806,"date":"2021-06-28T09:51:34","date_gmt":"2021-06-28T09:51:34","guid":{"rendered":"http:\/\/www.ludwigwall.at\/Agentur\/?page_id=1806"},"modified":"2026-04-16T00:00:39","modified_gmt":"2026-04-16T00:00:39","slug":"rifo","status":"publish","type":"page","link":"https:\/\/www.ludwigwall.at\/en\/kollektionen\/rifo\/","title":{"rendered":"Rif\u00f2"},"content":{"rendered":"<div data-elementor-type=\"wp-page\" data-elementor-id=\"1806\" class=\"elementor elementor-1806\">\n\t\t\t\t\t\t<section class=\"elementor-section elementor-top-section elementor-element elementor-element-550dcd48 elementor-section-content-middle elementor-section-boxed elementor-section-height-default elementor-section-height-default\" data-id=\"550dcd48\" data-element_type=\"section\">\n\t\t\t\t\t\t<div class=\"elementor-container elementor-column-gap-no\">\n\t\t\t\t\t<div class=\"elementor-column elementor-col-33 elementor-top-column elementor-element elementor-element-4cd46633\" data-id=\"4cd46633\" data-element_type=\"column\">\n\t\t\t<div class=\"elementor-widget-wrap elementor-element-populated\">\n\t\t\t\t\t\t<div class=\"elementor-element elementor-element-2c2c24fd elementor-widget elementor-widget-image\" data-id=\"2c2c24fd\" data-element_type=\"widget\" data-widget_type=\"image.default\">\n\t\t\t\t<div class=\"elementor-widget-container\">\n\t\t\t\t\t\t\t\t\t\t\t\t\t<img fetchpriority=\"high\" decoding=\"async\" width=\"713\" height=\"382\" src=\"https:\/\/www.ludwigwall.at\/wp-content\/uploads\/2025\/03\/Horizontal-logo-black.png\" class=\"attachment-large size-large wp-image-5464\" alt=\"\" srcset=\"https:\/\/www.ludwigwall.at\/wp-content\/uploads\/2025\/03\/Horizontal-logo-black.png 713w, https:\/\/www.ludwigwall.at\/wp-content\/uploads\/2025\/03\/Horizontal-logo-black-300x161.png 300w, https:\/\/www.ludwigwall.at\/wp-content\/uploads\/2025\/03\/Horizontal-logo-black-18x10.png 18w\" sizes=\"(max-width: 713px) 100vw, 713px\" \/>\t\t\t\t\t\t\t\t\t\t\t\t\t<\/div>\n\t\t\t\t<\/div>\n\t\t\t\t<div class=\"elementor-element elementor-element-7429954d elementor-widget-divider--view-line elementor-widget elementor-widget-divider\" data-id=\"7429954d\" data-element_type=\"widget\" data-widget_type=\"divider.default\">\n\t\t\t\t<div class=\"elementor-widget-container\">\n\t\t\t\t\t<div class=\"elementor-divider\">\n\t\t\t<span class=\"elementor-divider-separator\">\n\t\t\t\t\t\t<\/span>\n\t\t<\/div>\n\t\t\t\t<\/div>\n\t\t\t\t<\/div>\n\t\t\t\t<div class=\"elementor-element elementor-element-a2b072d elementor-invisible elementor-widget elementor-widget-text-editor\" data-id=\"a2b072d\" data-element_type=\"widget\" data-settings=\"{&quot;_animation&quot;:&quot;fadeInLeft&quot;}\" data-widget_type=\"text-editor.default\">\n\t\t\t\t<div class=\"elementor-widget-container\">\n\t\t\t\t\t\t\t<p><strong>DISTRIBUTION ONLY IN AUSTRIA<\/strong><\/p>\t\t\t\t\t\t<\/div>\n\t\t\t\t<\/div>\n\t\t\t\t<div class=\"elementor-element elementor-element-d57799a elementor-widget elementor-widget-heading\" data-id=\"d57799a\" data-element_type=\"widget\" data-widget_type=\"heading.default\">\n\t\t\t\t<div class=\"elementor-widget-container\">\n\t\t\t<h2 class=\"elementor-heading-title elementor-size-default\">Circular fashion made in italy<\/h2>\t\t<\/div>\n\t\t\t\t<\/div>\n\t\t\t\t<div class=\"elementor-element elementor-element-1e97fbe0 elementor-widget elementor-widget-text-editor\" data-id=\"1e97fbe0\" data-element_type=\"widget\" data-widget_type=\"text-editor.default\">\n\t\t\t\t<div class=\"elementor-widget-container\">\n\t\t\t\t\t\t\t<div class=\"page\" title=\"Page 1\"><div class=\"layoutArea\"><div class=\"column\"><div class=\"page\" style=\"caret-color: #000000; color: #000000; font-style: normal; font-variant-caps: normal;\" title=\"Page 1\"><div class=\"section\"><div class=\"layoutArea\"><div class=\"column\"><h5>In 2017, Niccol\u00f2 Cipriani is working for a United Nations programme in Vietnam. There, he experienced the effects of overproduction in the fashion industry first-hand. Mountains of clothing that are stored in warehouses and end up unsold in waste incineration because the economic system produces far more than people actually need.<\/h5><\/div><\/div><\/div><\/div><\/div><\/div><\/div>\t\t\t\t\t\t<\/div>\n\t\t\t\t<\/div>\n\t\t\t\t<div class=\"elementor-element elementor-element-49fd2c22 elementor-widget elementor-widget-image\" data-id=\"49fd2c22\" data-element_type=\"widget\" data-widget_type=\"image.default\">\n\t\t\t\t<div class=\"elementor-widget-container\">\n\t\t\t\t\t\t\t\t\t\t\t\t\t<img decoding=\"async\" width=\"1707\" height=\"2560\" src=\"https:\/\/www.ludwigwall.at\/wp-content\/uploads\/2026\/04\/Editoriale-estivo-SS26-seta-6-scaled.jpg\" class=\"elementor-animation-grow attachment-full size-full wp-image-6157\" alt=\"\" srcset=\"https:\/\/www.ludwigwall.at\/wp-content\/uploads\/2026\/04\/Editoriale-estivo-SS26-seta-6-scaled.jpg 1707w, https:\/\/www.ludwigwall.at\/wp-content\/uploads\/2026\/04\/Editoriale-estivo-SS26-seta-6-200x300.jpg 200w, https:\/\/www.ludwigwall.at\/wp-content\/uploads\/2026\/04\/Editoriale-estivo-SS26-seta-6-683x1024.jpg 683w, https:\/\/www.ludwigwall.at\/wp-content\/uploads\/2026\/04\/Editoriale-estivo-SS26-seta-6-768x1152.jpg 768w, https:\/\/www.ludwigwall.at\/wp-content\/uploads\/2026\/04\/Editoriale-estivo-SS26-seta-6-1024x1536.jpg 1024w, https:\/\/www.ludwigwall.at\/wp-content\/uploads\/2026\/04\/Editoriale-estivo-SS26-seta-6-1365x2048.jpg 1365w, https:\/\/www.ludwigwall.at\/wp-content\/uploads\/2026\/04\/Editoriale-estivo-SS26-seta-6-8x12.jpg 8w\" sizes=\"(max-width: 1707px) 100vw, 1707px\" \/>\t\t\t\t\t\t\t\t\t\t\t\t\t<\/div>\n\t\t\t\t<\/div>\n\t\t\t\t<div class=\"elementor-element elementor-element-6b195634 elementor-widget elementor-widget-spacer\" data-id=\"6b195634\" data-element_type=\"widget\" data-widget_type=\"spacer.default\">\n\t\t\t\t<div class=\"elementor-widget-container\">\n\t\t\t\t\t<div class=\"elementor-spacer\">\n\t\t\t<div class=\"elementor-spacer-inner\"><\/div>\n\t\t<\/div>\n\t\t\t\t<\/div>\n\t\t\t\t<\/div>\n\t\t\t\t\t<\/div>\n\t\t<\/div>\n\t\t\t\t<div class=\"elementor-column elementor-col-33 elementor-top-column elementor-element elementor-element-1580db17\" data-id=\"1580db17\" data-element_type=\"column\">\n\t\t\t<div class=\"elementor-widget-wrap elementor-element-populated\">\n\t\t\t\t\t\t<div class=\"elementor-element elementor-element-da2886d elementor-widget elementor-widget-image\" data-id=\"da2886d\" data-element_type=\"widget\" data-widget_type=\"image.default\">\n\t\t\t\t<div class=\"elementor-widget-container\">\n\t\t\t\t\t\t\t\t\t\t\t\t\t<img decoding=\"async\" width=\"683\" height=\"1024\" src=\"https:\/\/www.ludwigwall.at\/wp-content\/uploads\/2026\/04\/Editoriale-estivo-SS26-basici-cotone-2-683x1024.jpg\" class=\"attachment-large size-large wp-image-6156\" alt=\"\" srcset=\"https:\/\/www.ludwigwall.at\/wp-content\/uploads\/2026\/04\/Editoriale-estivo-SS26-basici-cotone-2-683x1024.jpg 683w, https:\/\/www.ludwigwall.at\/wp-content\/uploads\/2026\/04\/Editoriale-estivo-SS26-basici-cotone-2-200x300.jpg 200w, https:\/\/www.ludwigwall.at\/wp-content\/uploads\/2026\/04\/Editoriale-estivo-SS26-basici-cotone-2-768x1152.jpg 768w, https:\/\/www.ludwigwall.at\/wp-content\/uploads\/2026\/04\/Editoriale-estivo-SS26-basici-cotone-2-1024x1536.jpg 1024w, https:\/\/www.ludwigwall.at\/wp-content\/uploads\/2026\/04\/Editoriale-estivo-SS26-basici-cotone-2-1365x2048.jpg 1365w, https:\/\/www.ludwigwall.at\/wp-content\/uploads\/2026\/04\/Editoriale-estivo-SS26-basici-cotone-2-8x12.jpg 8w, https:\/\/www.ludwigwall.at\/wp-content\/uploads\/2026\/04\/Editoriale-estivo-SS26-basici-cotone-2-scaled.jpg 1707w\" sizes=\"(max-width: 683px) 100vw, 683px\" \/>\t\t\t\t\t\t\t\t\t\t\t\t\t<\/div>\n\t\t\t\t<\/div>\n\t\t\t\t<div class=\"elementor-element elementor-element-7f77472 elementor-widget elementor-widget-text-editor\" data-id=\"7f77472\" data-element_type=\"widget\" data-widget_type=\"text-editor.default\">\n\t\t\t\t<div class=\"elementor-widget-container\">\n\t\t\t\t\t\t\t<blockquote><h4><b>Prato &amp;<br \/>Recyclingtradition<br \/><\/b><\/h4><\/blockquote><div class=\"page\" title=\"Page 1\"><div class=\"layoutArea\"><div class=\"column\"><p>Niccol\u00f2 Cipriani returned to his home town of Prato, where the recycling of textiles has been a tradition for centuries - at a time when recycling was still a matter of common sense.<\/p><p>This is the perfect place to launch his project for a clothing line made from recycled fibres based on zero-waste production.<\/p><\/div><\/div><\/div>\t\t\t\t\t\t<\/div>\n\t\t\t\t<\/div>\n\t\t\t\t<div class=\"elementor-element elementor-element-4015cf6 elementor-widget elementor-widget-image\" data-id=\"4015cf6\" data-element_type=\"widget\" data-widget_type=\"image.default\">\n\t\t\t\t<div class=\"elementor-widget-container\">\n\t\t\t\t\t\t\t\t\t\t\t\t\t<img loading=\"lazy\" decoding=\"async\" width=\"683\" height=\"1024\" src=\"https:\/\/www.ludwigwall.at\/wp-content\/uploads\/2026\/04\/Editoriale-SS26-viscosa-3-683x1024.jpg\" class=\"attachment-large size-large wp-image-6159\" alt=\"\" srcset=\"https:\/\/www.ludwigwall.at\/wp-content\/uploads\/2026\/04\/Editoriale-SS26-viscosa-3-683x1024.jpg 683w, https:\/\/www.ludwigwall.at\/wp-content\/uploads\/2026\/04\/Editoriale-SS26-viscosa-3-200x300.jpg 200w, https:\/\/www.ludwigwall.at\/wp-content\/uploads\/2026\/04\/Editoriale-SS26-viscosa-3-768x1152.jpg 768w, https:\/\/www.ludwigwall.at\/wp-content\/uploads\/2026\/04\/Editoriale-SS26-viscosa-3-1024x1536.jpg 1024w, https:\/\/www.ludwigwall.at\/wp-content\/uploads\/2026\/04\/Editoriale-SS26-viscosa-3-1365x2048.jpg 1365w, https:\/\/www.ludwigwall.at\/wp-content\/uploads\/2026\/04\/Editoriale-SS26-viscosa-3-8x12.jpg 8w, https:\/\/www.ludwigwall.at\/wp-content\/uploads\/2026\/04\/Editoriale-SS26-viscosa-3-scaled.jpg 1707w\" sizes=\"(max-width: 683px) 100vw, 683px\" \/>\t\t\t\t\t\t\t\t\t\t\t\t\t<\/div>\n\t\t\t\t<\/div>\n\t\t\t\t\t<\/div>\n\t\t<\/div>\n\t\t\t\t<div class=\"elementor-column elementor-col-33 elementor-top-column elementor-element elementor-element-12902790\" data-id=\"12902790\" data-element_type=\"column\">\n\t\t\t<div class=\"elementor-widget-wrap elementor-element-populated\">\n\t\t\t\t\t\t<div class=\"elementor-element elementor-element-9ed8577 elementor-widget elementor-widget-heading\" data-id=\"9ed8577\" data-element_type=\"widget\" data-widget_type=\"heading.default\">\n\t\t\t\t<div class=\"elementor-widget-container\">\n\t\t\t<h2 class=\"elementor-heading-title elementor-size-default\">RIFO IS AN ADVENTURE ...<\/h2>\t\t<\/div>\n\t\t\t\t<\/div>\n\t\t\t\t<div class=\"elementor-element elementor-element-2038889b elementor-widget__width-initial elementor-widget elementor-widget-text-editor\" data-id=\"2038889b\" data-element_type=\"widget\" data-widget_type=\"text-editor.default\">\n\t\t\t\t<div class=\"elementor-widget-container\">\n\t\t\t\t\t\t\t<div class=\"page\" title=\"Page 1\"><div class=\"layoutArea\"><div class=\"column\"><p>Our goal is to be the first brand in Italy that is fully committed to sustainability and offers a clothing line that is made from recycled fibres, which means less use of water, pesticides and chemicals.<\/p><p><span style=\"font-size: 18px; color: var( --e-global-color-text );\">Our garments are made within 30 kilometres of our office. From the recycled wool, cashmere, denim and silk to the finished product, we guarantee a \u2018Made in Italy\u2019 product that doesn't have to travel twice around the world before it reaches people.<\/span><\/p><\/div><\/div><\/div>\t\t\t\t\t\t<\/div>\n\t\t\t\t<\/div>\n\t\t\t\t<div class=\"elementor-element elementor-element-853fc59 elementor-widget elementor-widget-image\" data-id=\"853fc59\" data-element_type=\"widget\" data-widget_type=\"image.default\">\n\t\t\t\t<div class=\"elementor-widget-container\">\n\t\t\t\t\t\t\t\t\t\t\t\t\t<img loading=\"lazy\" decoding=\"async\" width=\"1707\" height=\"2560\" src=\"https:\/\/www.ludwigwall.at\/wp-content\/uploads\/2026\/04\/Editoriale-estivo-SS26-seta-7-scaled.jpg\" class=\"elementor-animation-grow attachment-full size-full wp-image-6158\" alt=\"\" srcset=\"https:\/\/www.ludwigwall.at\/wp-content\/uploads\/2026\/04\/Editoriale-estivo-SS26-seta-7-scaled.jpg 1707w, https:\/\/www.ludwigwall.at\/wp-content\/uploads\/2026\/04\/Editoriale-estivo-SS26-seta-7-200x300.jpg 200w, https:\/\/www.ludwigwall.at\/wp-content\/uploads\/2026\/04\/Editoriale-estivo-SS26-seta-7-683x1024.jpg 683w, https:\/\/www.ludwigwall.at\/wp-content\/uploads\/2026\/04\/Editoriale-estivo-SS26-seta-7-768x1152.jpg 768w, https:\/\/www.ludwigwall.at\/wp-content\/uploads\/2026\/04\/Editoriale-estivo-SS26-seta-7-1024x1536.jpg 1024w, https:\/\/www.ludwigwall.at\/wp-content\/uploads\/2026\/04\/Editoriale-estivo-SS26-seta-7-1365x2048.jpg 1365w, https:\/\/www.ludwigwall.at\/wp-content\/uploads\/2026\/04\/Editoriale-estivo-SS26-seta-7-8x12.jpg 8w\" sizes=\"(max-width: 1707px) 100vw, 1707px\" \/>\t\t\t\t\t\t\t\t\t\t\t\t\t<\/div>\n\t\t\t\t<\/div>\n\t\t\t\t\t<\/div>\n\t\t<\/div>\n\t\t\t\t\t<\/div>\n\t\t<\/section>\n\t\t\t\t<section class=\"elementor-section elementor-top-section elementor-element elementor-element-fe7a378 elementor-section-boxed elementor-section-height-default elementor-section-height-default\" data-id=\"fe7a378\" data-element_type=\"section\">\n\t\t\t\t\t\t<div class=\"elementor-container elementor-column-gap-default\">\n\t\t\t\t\t<div class=\"elementor-column elementor-col-50 elementor-top-column elementor-element elementor-element-9e4274f\" data-id=\"9e4274f\" data-element_type=\"column\">\n\t\t\t<div class=\"elementor-widget-wrap elementor-element-populated\">\n\t\t\t\t\t\t<div class=\"elementor-element elementor-element-ed35f23 elementor-widget elementor-widget-image\" data-id=\"ed35f23\" data-element_type=\"widget\" data-widget_type=\"image.default\">\n\t\t\t\t<div class=\"elementor-widget-container\">\n\t\t\t\t\t\t\t\t\t\t\t\t\t<img loading=\"lazy\" decoding=\"async\" width=\"1024\" height=\"576\" src=\"https:\/\/www.ludwigwall.at\/wp-content\/uploads\/2025\/03\/Copertina-nei-nostri-panni-YB-1024x576.jpg\" class=\"attachment-large size-large wp-image-5466\" alt=\"\" srcset=\"https:\/\/www.ludwigwall.at\/wp-content\/uploads\/2025\/03\/Copertina-nei-nostri-panni-YB-1024x576.jpg 1024w, https:\/\/www.ludwigwall.at\/wp-content\/uploads\/2025\/03\/Copertina-nei-nostri-panni-YB-300x169.jpg 300w, https:\/\/www.ludwigwall.at\/wp-content\/uploads\/2025\/03\/Copertina-nei-nostri-panni-YB-768x432.jpg 768w, https:\/\/www.ludwigwall.at\/wp-content\/uploads\/2025\/03\/Copertina-nei-nostri-panni-YB-1536x864.jpg 1536w, https:\/\/www.ludwigwall.at\/wp-content\/uploads\/2025\/03\/Copertina-nei-nostri-panni-YB-2048x1152.jpg 2048w, https:\/\/www.ludwigwall.at\/wp-content\/uploads\/2025\/03\/Copertina-nei-nostri-panni-YB-18x10.jpg 18w, https:\/\/www.ludwigwall.at\/wp-content\/uploads\/2025\/03\/Copertina-nei-nostri-panni-YB-800x450.jpg 800w\" sizes=\"(max-width: 1024px) 100vw, 1024px\" \/>\t\t\t\t\t\t\t\t\t\t\t\t\t<\/div>\n\t\t\t\t<\/div>\n\t\t\t\t\t<\/div>\n\t\t<\/div>\n\t\t\t\t<div class=\"elementor-column elementor-col-50 elementor-top-column elementor-element elementor-element-b70ede5\" data-id=\"b70ede5\" data-element_type=\"column\">\n\t\t\t<div class=\"elementor-widget-wrap elementor-element-populated\">\n\t\t\t\t\t\t<div class=\"elementor-element elementor-element-d6203a7 elementor-widget elementor-widget-video\" data-id=\"d6203a7\" data-element_type=\"widget\" data-settings=\"{&quot;youtube_url&quot;:&quot;https:\\\/\\\/www.youtube.com\\\/watch?v=44fg6_G_PtQ&quot;,&quot;video_type&quot;:&quot;youtube&quot;,&quot;controls&quot;:&quot;yes&quot;}\" data-widget_type=\"video.default\">\n\t\t\t\t<div class=\"elementor-widget-container\">\n\t\t\t\t\t<div class=\"elementor-wrapper elementor-open-inline\">\n\t\t\t<div class=\"elementor-video\"><\/div>\t\t<\/div>\n\t\t\t\t<\/div>\n\t\t\t\t<\/div>\n\t\t\t\t\t<\/div>\n\t\t<\/div>\n\t\t\t\t\t<\/div>\n\t\t<\/section>\n\t\t\t\t<section class=\"elementor-section elementor-top-section elementor-element elementor-element-700e6f3c elementor-section-boxed elementor-section-height-default elementor-section-height-default\" data-id=\"700e6f3c\" data-element_type=\"section\">\n\t\t\t\t\t\t<div class=\"elementor-container elementor-column-gap-default\">\n\t\t\t\t\t<div class=\"elementor-column elementor-col-100 elementor-top-column elementor-element elementor-element-3c980f88\" data-id=\"3c980f88\" data-element_type=\"column\">\n\t\t\t<div class=\"elementor-widget-wrap elementor-element-populated\">\n\t\t\t\t\t\t<div class=\"elementor-element elementor-element-4bd43fae elementor-button-danger elementor-align-center elementor-widget elementor-widget-button\" data-id=\"4bd43fae\" data-element_type=\"widget\" data-widget_type=\"button.default\">\n\t\t\t\t<div class=\"elementor-widget-container\">\n\t\t\t\t\t<div class=\"elementor-button-wrapper\">\n\t\t\t<a class=\"elementor-button elementor-button-link elementor-size-sm\" href=\"https:\/\/rifo-lab.com\/de\" target=\"_blank\">\n\t\t\t\t\t\t<span class=\"elementor-button-content-wrapper\">\n\t\t\t\t\t\t\t\t\t<span class=\"elementor-button-text\">more information<\/span>\n\t\t\t\t\t<\/span>\n\t\t\t\t\t<\/a>\n\t\t<\/div>\n\t\t\t\t<\/div>\n\t\t\t\t<\/div>\n\t\t\t\t\t<\/div>\n\t\t<\/div>\n\t\t\t\t\t<\/div>\n\t\t<\/section>\n\t\t\t\t<\/div>","protected":false},"excerpt":{"rendered":"<p>VERTRIEB NUR F\u00dcR \u00d6STERREICH Circular fashion made in italy 2017 arbeitet Niccol\u00f2 Cipriani in Vietnam f\u00fcr ein Programm der Vereinten Nationen. Dort erlebt er die Auswirkungen der \u00dcberproduktion in der Modeindustrie am eigenen Leib. Berge von Kleidung, die in Lagern gelagert werden und unverkauft in der M\u00fcllverbrennung landen, weil das Wirtschaftssystem weit mehr produziert, als [&hellip;]<\/p>","protected":false},"author":2,"featured_media":0,"parent":27,"menu_order":0,"comment_status":"closed","ping_status":"closed","template":"","meta":{"ocean_post_layout":"","ocean_both_sidebars_style":"","ocean_both_sidebars_content_width":0,"ocean_both_sidebars_sidebars_width":0,"ocean_sidebar":"0","ocean_second_sidebar":"0","ocean_disable_margins":"enable","ocean_add_body_class":"","ocean_shortcode_before_top_bar":"","ocean_shortcode_after_top_bar":"","ocean_shortcode_before_header":"","ocean_shortcode_after_header":"","ocean_has_shortcode":"","ocean_shortcode_after_title":"","ocean_shortcode_before_footer_widgets":"","ocean_shortcode_after_footer_widgets":"","ocean_shortcode_before_footer_bottom":"","ocean_shortcode_after_footer_bottom":"","ocean_display_top_bar":"default","ocean_display_header":"default","ocean_header_style":"","ocean_center_header_left_menu":"0","ocean_custom_header_template":"0","ocean_custom_logo":0,"ocean_custom_retina_logo":0,"ocean_custom_logo_max_width":0,"ocean_custom_logo_tablet_max_width":0,"ocean_custom_logo_mobile_max_width":0,"ocean_custom_logo_max_height":0,"ocean_custom_logo_tablet_max_height":0,"ocean_custom_logo_mobile_max_height":0,"ocean_header_custom_menu":"0","ocean_menu_typo_font_family":"0","ocean_menu_typo_font_subset":"","ocean_menu_typo_font_size":0,"ocean_menu_typo_font_size_tablet":0,"ocean_menu_typo_font_size_mobile":0,"ocean_menu_typo_font_size_unit":"px","ocean_menu_typo_font_weight":"","ocean_menu_typo_font_weight_tablet":"","ocean_menu_typo_font_weight_mobile":"","ocean_menu_typo_transform":"","ocean_menu_typo_transform_tablet":"","ocean_menu_typo_transform_mobile":"","ocean_menu_typo_line_height":0,"ocean_menu_typo_line_height_tablet":0,"ocean_menu_typo_line_height_mobile":0,"ocean_menu_typo_line_height_unit":"","ocean_menu_typo_spacing":0,"ocean_menu_typo_spacing_tablet":0,"ocean_menu_typo_spacing_mobile":0,"ocean_menu_typo_spacing_unit":"","ocean_menu_link_color":"","ocean_menu_link_color_hover":"","ocean_menu_link_color_active":"","ocean_menu_link_background":"","ocean_menu_link_hover_background":"","ocean_menu_link_active_background":"","ocean_menu_social_links_bg":"","ocean_menu_social_hover_links_bg":"","ocean_menu_social_links_color":"","ocean_menu_social_hover_links_color":"","ocean_disable_title":"default","ocean_disable_heading":"default","ocean_post_title":"","ocean_post_subheading":"","ocean_post_title_style":"","ocean_post_title_background_color":"","ocean_post_title_background":0,"ocean_post_title_bg_image_position":"","ocean_post_title_bg_image_attachment":"","ocean_post_title_bg_image_repeat":"","ocean_post_title_bg_image_size":"","ocean_post_title_height":0,"ocean_post_title_bg_overlay":0.5,"ocean_post_title_bg_overlay_color":"","ocean_disable_breadcrumbs":"default","ocean_breadcrumbs_color":"","ocean_breadcrumbs_separator_color":"","ocean_breadcrumbs_links_color":"","ocean_breadcrumbs_links_hover_color":"","ocean_display_footer_widgets":"default","ocean_display_footer_bottom":"default","ocean_custom_footer_template":"0","footnotes":""},"_links":{"self":[{"href":"https:\/\/www.ludwigwall.at\/en\/wp-json\/wp\/v2\/pages\/1806"}],"collection":[{"href":"https:\/\/www.ludwigwall.at\/en\/wp-json\/wp\/v2\/pages"}],"about":[{"href":"https:\/\/www.ludwigwall.at\/en\/wp-json\/wp\/v2\/types\/page"}],"author":[{"embeddable":true,"href":"https:\/\/www.ludwigwall.at\/en\/wp-json\/wp\/v2\/users\/2"}],"replies":[{"embeddable":true,"href":"https:\/\/www.ludwigwall.at\/en\/wp-json\/wp\/v2\/comments?post=1806"}],"version-history":[{"count":189,"href":"https:\/\/www.ludwigwall.at\/en\/wp-json\/wp\/v2\/pages\/1806\/revisions"}],"predecessor-version":[{"id":6165,"href":"https:\/\/www.ludwigwall.at\/en\/wp-json\/wp\/v2\/pages\/1806\/revisions\/6165"}],"up":[{"embeddable":true,"href":"https:\/\/www.ludwigwall.at\/en\/wp-json\/wp\/v2\/pages\/27"}],"wp:attachment":[{"href":"https:\/\/www.ludwigwall.at\/en\/wp-json\/wp\/v2\/media?parent=1806"}],"curies":[{"name":"wp","href":"https:\/\/api.w.org\/{rel}","templated":true}]}}